{"id":245,"date":"2018-07-30T11:19:06","date_gmt":"2018-07-30T11:19:06","guid":{"rendered":"https:\/\/demo.themeisle.com\/hestia-lawyers\/?page_id=245"},"modified":"2026-04-08T21:58:50","modified_gmt":"2026-04-08T19:58:50","slug":"accueil-consolini-consulting","status":"publish","type":"page","link":"https:\/\/consolini.pro\/","title":{"rendered":"Accueil"},"content":{"rendered":"<p><a href=\"https:\/\/www.linkedin.com\/in\/pierre-consolini\/\" target=\"_blank\" rel=\"noopener\"><br \/>\n\t\t\t\t\t\tLinkedin<br \/>\n\t\t\t\t\t\t\t\t\t\t\t<\/a><br \/>\n\t\t\t\t\t<a href=\"https:\/\/www.instagram.com\/pierre_consolini\/\" target=\"_blank\" rel=\"noopener\"><br \/>\n\t\t\t\t\t\tInstagram<br \/>\n\t\t\t\t\t\t\t\t\t\t\t<\/a><br \/>\n\t\t\t\t\t<a href=\"https:\/\/www.facebook.com\/pierre.consolini\" target=\"_blank\" rel=\"noopener\"><br \/>\n\t\t\t\t\t\tFacebook<br \/>\n\t\t\t\t\t\t\t\t\t\t\t<\/a><br \/>\n\t\t\t\t\t<a href=\"https:\/\/www.youtube.com\/channel\/UCEZWXVk8_fxukVZ1s8mNLaA\" target=\"_blank\" rel=\"noopener\"><br \/>\n\t\t\t\t\t\tYoutube<br \/>\n\t\t\t\t\t\t\t\t\t\t\t<\/a><\/p>\n<p><b><Font size=+1>AUDIT &#038; <font color=\"#87CEEB\"> ANALYSES<\/font><\/font><\/b><\/p>\n<p><font color=\"#000000\"><br \/>\n<i><br \/>\nAvant de communiquer, il est n\u00e9cessaire que les diff\u00e9rents \u00e9l\u00e9ments Marketing de l\u2019entreprise soient \u00e9tudi\u00e9s afin de garantir des retours optimaux. Ces \u00e9l\u00e9ments constituent l\u2019ADN de l\u2019enseigne, son image de marque, mais surtout sa notoriet\u00e9 et r\u00e9putation sur son march\u00e9<\/p>\n<p><\/i><br \/>\n&#8211; audit marketing complet<br \/>\n<br \/>\n&#8211; qualification des bases<br \/>\n<br \/>\n&#8211; refonte graphique et cr\u00e9ation d&rsquo;univers<br \/>\n<br \/>\n&#8211; analyse des USP (Swot)<br \/>\n<br \/>\n&#8211; marketing point de vente et agencement<br \/>\n<br \/>\n&#8211; pr\u00e9sences digitales et r\u00e9seaux sociaux<br \/>\n<br \/>\n&#8211; \u00e9tudes de cibles et de client\u00e8le<br \/>\n<\/font><br \/>\n\t\t\t\t\t\t\t\t\t\t\t\t\t\t\t<img decoding=\"async\" width=\"487\" height=\"489\" src=\"https:\/\/consolini.pro\/wp-content\/uploads\/2020\/09\/publicite-lyon-3.png\" alt=\"\" loading=\"lazy\" srcset=\"https:\/\/consolini.pro\/wp-content\/uploads\/2020\/09\/publicite-lyon-3.png 487w, https:\/\/consolini.pro\/wp-content\/uploads\/2020\/09\/publicite-lyon-3-300x300.png 300w, https:\/\/consolini.pro\/wp-content\/uploads\/2020\/09\/publicite-lyon-3-150x150.png 150w\" sizes=\"auto, (max-width: 487px) 100vw, 487px\" \/><br \/>\n\t\t\t\t\t\t\t\t\t\t\t\t\t\t\t<img decoding=\"async\" width=\"488\" height=\"489\" src=\"https:\/\/consolini.pro\/wp-content\/uploads\/2020\/09\/Capture-decran-2020-09-16-a-14.34.02.png\" alt=\"\" loading=\"lazy\" srcset=\"https:\/\/consolini.pro\/wp-content\/uploads\/2020\/09\/Capture-decran-2020-09-16-a-14.34.02.png 488w, https:\/\/consolini.pro\/wp-content\/uploads\/2020\/09\/Capture-decran-2020-09-16-a-14.34.02-300x300.png 300w, https:\/\/consolini.pro\/wp-content\/uploads\/2020\/09\/Capture-decran-2020-09-16-a-14.34.02-150x150.png 150w\" sizes=\"auto, (max-width: 488px) 100vw, 488px\" \/>\t\t\t\t\t\t\t\t\t\t\t\t\t\t\t<\/p>\n<p><b><font size=\"+1\">RECOMMANDATIONS &amp; <font color=\"#87CEEB\"> OPTIMISATION MARKETING<\/font><\/font><\/b><\/p>\n<p><font color=\"#000000\"><br \/>\n<i><br \/>\nLa recommandation m\u00e9dia &amp; marketing am\u00e8ne une synth\u00e8se strat\u00e9gique permettant de connaitre les leviers d\u2019actions. Chacun d\u2019entre eux \u00e9tant justifi\u00e9s et tarif\u00e9s. Un plan structur\u00e9 est mis en place aux diff\u00e9rents niveaux de la structure. Il permet d\u2019assainir les bases marketing et d\u2019\u00e9tablir une strat\u00e9gie publicitaire p\u00e9renne.<br \/>\n <\/i><\/p>\n<p>&#8211; diff\u00e9renciations sectorielles<\/p>\n<p><\/font><\/p>\n<p><font color=\"#000000\"><\/p>\n<p>&#8211; positionnement et notori\u00e9t\u00e9<\/p>\n<p>&#8211; strat\u00e9gie de marque (branding)<\/p>\n<p>&#8211; optimisation des outils marketing<\/p>\n<p><\/font><\/p>\n<p><font color=\"#000000\">&#8211; recommandations publicitaires<\/p>\n<p><\/font><\/p>\n<p><b><Font size=+1>PUB &#038; <font color=\"#87CEEB\"> MEDIAS TRADITIONNELS<\/font><\/font><\/b><br \/>\n<font color=\"#000000\"><br \/>\n<i><\/p>\n<p>Les bases marketing de la soci\u00e9t\u00e9 \u00e9tant optimis\u00e9es, une \u00e9tude d\u2019audience et d\u2019impact est r\u00e9alis\u00e9e aupr\u00e8s des r\u00e9gies publicitaires afin de r\u00e9aliser un plan m\u00e9dia publicitaire personnalis\u00e9 et adapt\u00e9 au budget allou\u00e9.<br \/>\n <\/i><\/p>\n<p>\n\u2013 Radio : diffusion nationale, r\u00e9gionale ou locale.<br \/>\n\u2013 T\u00e9l\u00e9vision : diffusion classique, sponsoring, OPS<br \/>\n<br \/>\n\u2013 Affichage : campagnes locales ou multivilles sur les r\u00e9seaux<br \/>\n<br \/>\n\u2013 Presse : quotidiens, gratuits, magazines natio\/locaux<br \/>\n<br \/>\n\u2013 Evenementiel : street marketing, animation magasin, d\u00e9fil\u00e9s, showcase..<br \/>\n&#8211; Autres M\u00e9dias : cin\u00e9ma, ascenseurs, parking etc&#8230;<br \/>\n<\/font><br \/>\n\t\t\t\t\t\t\t\t\t\t\t\t\t\t\t<img decoding=\"async\" width=\"487\" height=\"489\" src=\"https:\/\/consolini.pro\/wp-content\/uploads\/2020\/09\/publicite-lyon-3.png\" alt=\"\" loading=\"lazy\" srcset=\"https:\/\/consolini.pro\/wp-content\/uploads\/2020\/09\/publicite-lyon-3.png 487w, https:\/\/consolini.pro\/wp-content\/uploads\/2020\/09\/publicite-lyon-3-300x300.png 300w, https:\/\/consolini.pro\/wp-content\/uploads\/2020\/09\/publicite-lyon-3-150x150.png 150w\" sizes=\"auto, (max-width: 487px) 100vw, 487px\" \/><br \/>\n\t\t\t\t\t\t\t\t\t\t\t\t\t\t\t<img decoding=\"async\" width=\"487\" height=\"489\" src=\"https:\/\/consolini.pro\/wp-content\/uploads\/2020\/09\/publicite-lyon-4.png\" alt=\"\" loading=\"lazy\" srcset=\"https:\/\/consolini.pro\/wp-content\/uploads\/2020\/09\/publicite-lyon-4.png 487w, https:\/\/consolini.pro\/wp-content\/uploads\/2020\/09\/publicite-lyon-4-300x300.png 300w, https:\/\/consolini.pro\/wp-content\/uploads\/2020\/09\/publicite-lyon-4-150x150.png 150w\" sizes=\"auto, (max-width: 487px) 100vw, 487px\" \/>\t\t\t\t\t\t\t\t\t\t\t\t\t\t\t<\/p>\n<p><b><Font size=+1>DIGITAL &#038; <font color=\"#87CEEB\"> RESEAUX SOCIAUX<\/font><\/font><\/b><\/p>\n<p><font color=\"#000000\"><br \/>\n<i><br \/>\nN\u2019importe qui peut cr\u00e9er un site e-commerce et concurrencer un point de vente physique. Tant pour de la notori\u00e9t\u00e9 que pour du trafic Ro\u00efste pur, l\u2019identit\u00e9 digitale d\u2019une enseigne est essentielle. Un site Web moderne, des r\u00e9seaux market\u00e9s et coordonn\u00e9s, vecteurs \u00e0 f\u00e9d\u00e9rer une communaut\u00e9, ou encore une strat\u00e9gie publicitaire digitale bas\u00e9e sur le r\u00e9f\u00e9rencement et de l\u2019affichage pur, autant de cl\u00e9s digitales essentielles \u00e0 la croissance d\u2019une entreprise.<br \/>\n <\/i><\/p>\n<p>\u2013 coordination de site web<br \/>\n\u2013 webdesign<br \/>\n\u2013 r\u00e9f\u00e9rencement Adwords Google<br \/>\n\u2013 r\u00e9seaux sociaux (Facebook, Instagram, Linkedin etc\u2026)<br \/>\n\u2013 communication display (pav\u00e9, banni\u00e8re, interstitiel)<br \/>\n\u2013 stories influenceurs bloggeurs<br \/>\n\u2013 marketing mobile<br \/>\n<\/font><\/p>\n<p><strong>\u00a0 \u00a0 \u00a0 \u00a0 \u00a0 \u00a0 \u00a0 D\u00e9couvrez notre Univers sur les R\u00e9seaux&#8230;<\/strong><\/p>\n\r\n<div id=\"sb_instagram\"  class=\"sbi sbi_mob_col_3 sbi_tab_col_3 sbi_col_3 sbi_width_resp\" style=\"padding-bottom: 6px;width: 80%;\" data-feedid=\"sbi_17841401609653808#9\"  data-res=\"auto\" data-cols=\"3\" data-colsmobile=\"3\" data-colstablet=\"3\" data-num=\"9\" data-nummobile=\"\" data-shortcode-atts=\"{}\"  data-postid=\"245\" data-locatornonce=\"381fba73af\" data-sbi-flags=\"favorLocal\">\r\n\t\r\n    <div id=\"sbi_images\"  style=\"padding: 3px;\">\r\n\t\t    <\/div>\r\n\r\n\t<div id=\"sbi_load\" >\r\n\r\n\t\r\n\t\t\t<span class=\"sbi_follow_btn\">\r\n        <a href=\"https:\/\/www.instagram.com\/17841401609653808\/\" target=\"_blank\" rel=\"nofollow noopener\">\r\n            <svg class=\"svg-inline--fa fa-instagram fa-w-14\" aria-hidden=\"true\" data-fa-processed=\"\" aria-label=\"Instagram\" data-prefix=\"fab\" data-icon=\"instagram\" role=\"img\" viewBox=\"0 0 448 512\">\n\t                <path fill=\"currentColor\" d=\"M224.1 141c-63.6 0-114.9 51.3-114.9 114.9s51.3 114.9 114.9 114.9S339 319.5 339 255.9 287.7 141 224.1 141zm0 189.6c-41.1 0-74.7-33.5-74.7-74.7s33.5-74.7 74.7-74.7 74.7 33.5 74.7 74.7-33.6 74.7-74.7 74.7zm146.4-194.3c0 14.9-12 26.8-26.8 26.8-14.9 0-26.8-12-26.8-26.8s12-26.8 26.8-26.8 26.8 12 26.8 26.8zm76.1 27.2c-1.7-35.9-9.9-67.7-36.2-93.9-26.2-26.2-58-34.4-93.9-36.2-37-2.1-147.9-2.1-184.9 0-35.8 1.7-67.6 9.9-93.9 36.1s-34.4 58-36.2 93.9c-2.1 37-2.1 147.9 0 184.9 1.7 35.9 9.9 67.7 36.2 93.9s58 34.4 93.9 36.2c37 2.1 147.9 2.1 184.9 0 35.9-1.7 67.7-9.9 93.9-36.2 26.2-26.2 34.4-58 36.2-93.9 2.1-37 2.1-147.8 0-184.8zM398.8 388c-7.8 19.6-22.9 34.7-42.6 42.6-29.5 11.7-99.5 9-132.1 9s-102.7 2.6-132.1-9c-19.6-7.8-34.7-22.9-42.6-42.6-11.7-29.5-9-99.5-9-132.1s-2.6-102.7 9-132.1c7.8-19.6 22.9-34.7 42.6-42.6 29.5-11.7 99.5-9 132.1-9s102.7-2.6 132.1 9c19.6 7.8 34.7 22.9 42.6 42.6 11.7 29.5 9 99.5 9 132.1s2.7 102.7-9 132.1z\"><\/path>\n\t            <\/svg>            <span>Suivez nous sur Instagram<\/span>\r\n        <\/a>\r\n    <\/span>\r\n\t\r\n<\/div>\r\n\r\n\t    <span class=\"sbi_resized_image_data\" data-feed-id=\"sbi_17841401609653808#9\" data-resized=\"[]\">\n\t<\/span>\n\t<\/div>\r\n\r\n\n<p>https:\/\/www.youtube.com\/watch?v=dHXBhO5qAqA<\/p>\n","protected":false},"excerpt":{"rendered":"<p>Linkedin Instagram Facebook Youtube AUDIT &#038; ANALYSES Avant de communiquer, il est n\u00e9cessaire que les diff\u00e9rents \u00e9l\u00e9ments Marketing de l\u2019entreprise soient \u00e9tudi\u00e9s afin de garantir des retours optimaux. Ces \u00e9l\u00e9ments constituent l\u2019ADN de l\u2019enseigne, son image de marque, mais surtout sa notoriet\u00e9 et r\u00e9putation sur son march\u00e9 &#8211; audit marketing [&hellip;]<\/p>\n","protected":false},"author":1,"featured_media":0,"parent":0,"menu_order":0,"comment_status":"closed","ping_status":"closed","template":"","meta":{"footnotes":""},"class_list":["post-245","page","type-page","status-publish","hentry"],"yoast_head":"<!-- This site is optimized with the Yoast SEO plugin v21.8.1 - https:\/\/yoast.com\/wordpress\/plugins\/seo\/ -->\n<title>Accueil - Consolini Consulting<\/title>\n<meta name=\"description\" content=\"Agence de Consulting - Conseil en communication publicit\u00e9 et marketing \u00e0 Lyon - achats m\u00e9dias, strat\u00e9gie publicitaire, optimisation marketing, \u00e9venementiel, digital, reseaux sociaux et influenceurs\" \/>\n<meta name=\"robots\" content=\"index, follow, max-snippet:-1, max-image-preview:large, max-video-preview:-1\" \/>\n<link rel=\"canonical\" href=\"https:\/\/consolini.pro\/\" \/>\n<meta property=\"og:locale\" content=\"fr_FR\" \/>\n<meta property=\"og:type\" content=\"article\" \/>\n<meta property=\"og:title\" content=\"Accueil - Consolini Consulting\" \/>\n<meta property=\"og:description\" content=\"Agence de Consulting - Conseil en communication publicit\u00e9 et marketing \u00e0 Lyon - achats m\u00e9dias, strat\u00e9gie publicitaire, optimisation marketing, \u00e9venementiel, digital, reseaux sociaux et influenceurs\" \/>\n<meta property=\"og:url\" content=\"https:\/\/consolini.pro\/\" \/>\n<meta property=\"og:site_name\" content=\"Consolini Consulting\" \/>\n<meta property=\"article:modified_time\" content=\"2026-04-08T19:58:50+00:00\" \/>\n<meta property=\"og:image\" content=\"https:\/\/consolini.pro\/wp-content\/uploads\/2020\/09\/publicite-lyon-3.png\" \/>\n<meta name=\"twitter:card\" content=\"summary_large_image\" \/>\n<meta name=\"twitter:label1\" content=\"Dur\u00e9e de lecture estim\u00e9e\" \/>\n\t<meta name=\"twitter:data1\" content=\"2 minutes\" \/>\n<script type=\"application\/ld+json\" class=\"yoast-schema-graph\">{\"@context\":\"https:\/\/schema.org\",\"@graph\":[{\"@type\":\"WebPage\",\"@id\":\"https:\/\/consolini.pro\/\",\"url\":\"https:\/\/consolini.pro\/\",\"name\":\"Accueil - Consolini Consulting\",\"isPartOf\":{\"@id\":\"https:\/\/consolini.pro\/#website\"},\"datePublished\":\"2018-07-30T11:19:06+00:00\",\"dateModified\":\"2026-04-08T19:58:50+00:00\",\"description\":\"Agence de Consulting - Conseil en communication publicit\u00e9 et marketing \u00e0 Lyon - achats m\u00e9dias, strat\u00e9gie publicitaire, optimisation marketing, \u00e9venementiel, digital, reseaux sociaux et influenceurs\",\"breadcrumb\":{\"@id\":\"https:\/\/consolini.pro\/#breadcrumb\"},\"inLanguage\":\"fr-FR\",\"potentialAction\":[{\"@type\":\"ReadAction\",\"target\":[\"https:\/\/consolini.pro\/\"]}]},{\"@type\":\"BreadcrumbList\",\"@id\":\"https:\/\/consolini.pro\/#breadcrumb\",\"itemListElement\":[{\"@type\":\"ListItem\",\"position\":1,\"name\":\"Accueil\",\"item\":\"https:\/\/consolini.pro\/\"},{\"@type\":\"ListItem\",\"position\":2,\"name\":\"Accueil\"}]},{\"@type\":\"WebSite\",\"@id\":\"https:\/\/consolini.pro\/#website\",\"url\":\"https:\/\/consolini.pro\/\",\"name\":\"Consolini Consulting\",\"description\":\"Publicit\u00e9 et Marketing\",\"publisher\":{\"@id\":\"https:\/\/consolini.pro\/#organization\"},\"potentialAction\":[{\"@type\":\"SearchAction\",\"target\":{\"@type\":\"EntryPoint\",\"urlTemplate\":\"https:\/\/consolini.pro\/?s={search_term_string}\"},\"query-input\":\"required name=search_term_string\"}],\"inLanguage\":\"fr-FR\"},{\"@type\":\"Organization\",\"@id\":\"https:\/\/consolini.pro\/#organization\",\"name\":\"Consolini Consulting\",\"url\":\"https:\/\/consolini.pro\/\",\"logo\":{\"@type\":\"ImageObject\",\"inLanguage\":\"fr-FR\",\"@id\":\"https:\/\/consolini.pro\/#\/schema\/logo\/image\/\",\"url\":\"https:\/\/consolini.pro\/wp-content\/uploads\/2019\/11\/logo-noir-CC.png\",\"contentUrl\":\"https:\/\/consolini.pro\/wp-content\/uploads\/2019\/11\/logo-noir-CC.png\",\"width\":927,\"height\":367,\"caption\":\"Consolini Consulting\"},\"image\":{\"@id\":\"https:\/\/consolini.pro\/#\/schema\/logo\/image\/\"},\"sameAs\":[\"https:\/\/www.instagram.com\/pierre_consolini\/\",\"https:\/\/www.linkedin.com\/in\/pierre-consolini\/\",\"https:\/\/www.youtube.com\/channel\/UCEZWXVk8_fxukVZ1s8mNLaA\"]}]}<\/script>\n<!-- \/ Yoast SEO plugin. -->","yoast_head_json":{"title":"Accueil - Consolini Consulting","description":"Agence de Consulting - Conseil en communication publicit\u00e9 et marketing \u00e0 Lyon - achats m\u00e9dias, strat\u00e9gie publicitaire, optimisation marketing, \u00e9venementiel, digital, reseaux sociaux et influenceurs","robots":{"index":"index","follow":"follow","max-snippet":"max-snippet:-1","max-image-preview":"max-image-preview:large","max-video-preview":"max-video-preview:-1"},"canonical":"https:\/\/consolini.pro\/","og_locale":"fr_FR","og_type":"article","og_title":"Accueil - Consolini Consulting","og_description":"Agence de Consulting - Conseil en communication publicit\u00e9 et marketing \u00e0 Lyon - achats m\u00e9dias, strat\u00e9gie publicitaire, optimisation marketing, \u00e9venementiel, digital, reseaux sociaux et influenceurs","og_url":"https:\/\/consolini.pro\/","og_site_name":"Consolini Consulting","article_modified_time":"2026-04-08T19:58:50+00:00","og_image":[{"url":"https:\/\/consolini.pro\/wp-content\/uploads\/2020\/09\/publicite-lyon-3.png"}],"twitter_card":"summary_large_image","twitter_misc":{"Dur\u00e9e de lecture estim\u00e9e":"2 minutes"},"schema":{"@context":"https:\/\/schema.org","@graph":[{"@type":"WebPage","@id":"https:\/\/consolini.pro\/","url":"https:\/\/consolini.pro\/","name":"Accueil - Consolini Consulting","isPartOf":{"@id":"https:\/\/consolini.pro\/#website"},"datePublished":"2018-07-30T11:19:06+00:00","dateModified":"2026-04-08T19:58:50+00:00","description":"Agence de Consulting - Conseil en communication publicit\u00e9 et marketing \u00e0 Lyon - achats m\u00e9dias, strat\u00e9gie publicitaire, optimisation marketing, \u00e9venementiel, digital, reseaux sociaux et influenceurs","breadcrumb":{"@id":"https:\/\/consolini.pro\/#breadcrumb"},"inLanguage":"fr-FR","potentialAction":[{"@type":"ReadAction","target":["https:\/\/consolini.pro\/"]}]},{"@type":"BreadcrumbList","@id":"https:\/\/consolini.pro\/#breadcrumb","itemListElement":[{"@type":"ListItem","position":1,"name":"Accueil","item":"https:\/\/consolini.pro\/"},{"@type":"ListItem","position":2,"name":"Accueil"}]},{"@type":"WebSite","@id":"https:\/\/consolini.pro\/#website","url":"https:\/\/consolini.pro\/","name":"Consolini Consulting","description":"Publicit\u00e9 et Marketing","publisher":{"@id":"https:\/\/consolini.pro\/#organization"},"potentialAction":[{"@type":"SearchAction","target":{"@type":"EntryPoint","urlTemplate":"https:\/\/consolini.pro\/?s={search_term_string}"},"query-input":"required name=search_term_string"}],"inLanguage":"fr-FR"},{"@type":"Organization","@id":"https:\/\/consolini.pro\/#organization","name":"Consolini Consulting","url":"https:\/\/consolini.pro\/","logo":{"@type":"ImageObject","inLanguage":"fr-FR","@id":"https:\/\/consolini.pro\/#\/schema\/logo\/image\/","url":"https:\/\/consolini.pro\/wp-content\/uploads\/2019\/11\/logo-noir-CC.png","contentUrl":"https:\/\/consolini.pro\/wp-content\/uploads\/2019\/11\/logo-noir-CC.png","width":927,"height":367,"caption":"Consolini Consulting"},"image":{"@id":"https:\/\/consolini.pro\/#\/schema\/logo\/image\/"},"sameAs":["https:\/\/www.instagram.com\/pierre_consolini\/","https:\/\/www.linkedin.com\/in\/pierre-consolini\/","https:\/\/www.youtube.com\/channel\/UCEZWXVk8_fxukVZ1s8mNLaA"]}]}},"_links":{"self":[{"href":"https:\/\/consolini.pro\/index.php\/wp-json\/wp\/v2\/pages\/245","targetHints":{"allow":["GET"]}}],"collection":[{"href":"https:\/\/consolini.pro\/index.php\/wp-json\/wp\/v2\/pages"}],"about":[{"href":"https:\/\/consolini.pro\/index.php\/wp-json\/wp\/v2\/types\/page"}],"author":[{"embeddable":true,"href":"https:\/\/consolini.pro\/index.php\/wp-json\/wp\/v2\/users\/1"}],"replies":[{"embeddable":true,"href":"https:\/\/consolini.pro\/index.php\/wp-json\/wp\/v2\/comments?post=245"}],"version-history":[{"count":189,"href":"https:\/\/consolini.pro\/index.php\/wp-json\/wp\/v2\/pages\/245\/revisions"}],"predecessor-version":[{"id":5290,"href":"https:\/\/consolini.pro\/index.php\/wp-json\/wp\/v2\/pages\/245\/revisions\/5290"}],"wp:attachment":[{"href":"https:\/\/consolini.pro\/index.php\/wp-json\/wp\/v2\/media?parent=245"}],"curies":[{"name":"wp","href":"https:\/\/api.w.org\/{rel}","templated":true}]}}